{"id":266,"date":"2025-12-11T00:35:05","date_gmt":"2025-12-11T00:35:05","guid":{"rendered":"https:\/\/whitepagedz.com\/sarl-step\/?post_type=product&#038;p=266"},"modified":"2026-02-09T15:33:27","modified_gmt":"2026-02-09T15:33:27","slug":"pompe-hydraulique-a-engrenages-serie-industrielle","status":"publish","type":"product","link":"https:\/\/whitepagedz.com\/sarl-step\/product\/pompe-hydraulique-a-engrenages-serie-industrielle\/","title":{"rendered":"Pompe hydraulique \u00e0 engrenages \u2013 S\u00e9rie industrielle"},"content":{"rendered":"<p data-start=\"1931\" data-end=\"1948\"><strong>Description<\/strong><\/p>\n<p data-start=\"1949\" data-end=\"2115\">Pompe \u00e0 engrenages fiable, con\u00e7ue pour alimenter les circuits hydrauliques avec constance et efficacit\u00e9. Adapt\u00e9e aux machines industrielles, engins et syst\u00e8mes fixes.<\/p>\n<p data-start=\"2117\" data-end=\"2137\"><strong>Sp\u00e9cifications<\/strong><\/p>\n<ul data-start=\"2138\" data-end=\"2257\">\n<li data-start=\"2138\" data-end=\"2169\">\n<p data-start=\"2140\" data-end=\"2169\">D\u00e9bit : 5, 10, 20, 30 L\/min<\/p>\n<\/li>\n<li data-start=\"2170\" data-end=\"2202\">\n<p data-start=\"2172\" data-end=\"2202\">Pression nominale : 210 bars<\/p>\n<\/li>\n<li data-start=\"2203\" data-end=\"2232\">\n<p data-start=\"2205\" data-end=\"2232\">Entr\u00e9e\/sortie : BSP 1\/2\u2019\u2019<\/p>\n<\/li>\n<li data-start=\"2233\" data-end=\"2257\">\n<p data-start=\"2235\" data-end=\"2257\">Corps aluminium trait\u00e9<\/p>\n<\/li>\n<\/ul>\n<p data-start=\"2259\" data-end=\"2275\"><strong>Variations<\/strong><\/p>\n<ul data-start=\"2276\" data-end=\"2304\">\n<li data-start=\"2276\" data-end=\"2285\">\n<p data-start=\"2278\" data-end=\"2285\">D\u00e9bit<\/p>\n<\/li>\n<li data-start=\"2286\" data-end=\"2304\">\n<p data-start=\"2288\" data-end=\"2304\">Sens de rotation<\/p>\n<\/li>\n<\/ul>\n","protected":false},"excerpt":{"rendered":"<p>Pompe \u00e0 engrenages fiable, con\u00e7ue pour alimenter les circuits hydrauliques avec constance et efficacit\u00e9. Adapt\u00e9e aux machines industrielles, engins et syst\u00e8mes fixes.<\/p>\n","protected":false},"featured_media":267,"comment_status":"open","ping_status":"closed","template":"","meta":[],"product_brand":[],"product_cat":[19],"product_tag":[],"class_list":{"0":"post-266","1":"product","2":"type-product","3":"status-publish","4":"has-post-thumbnail","6":"product_cat-equipements-hydrauliques","8":"first","9":"instock","10":"shipping-taxable","11":"product-type-simple"},"jetpack_sharing_enabled":true,"_links":{"self":[{"href":"https:\/\/whitepagedz.com\/sarl-step\/wp-json\/wp\/v2\/product\/266","targetHints":{"allow":["GET"]}}],"collection":[{"href":"https:\/\/whitepagedz.com\/sarl-step\/wp-json\/wp\/v2\/product"}],"about":[{"href":"https:\/\/whitepagedz.com\/sarl-step\/wp-json\/wp\/v2\/types\/product"}],"replies":[{"embeddable":true,"href":"https:\/\/whitepagedz.com\/sarl-step\/wp-json\/wp\/v2\/comments?post=266"}],"wp:featuredmedia":[{"embeddable":true,"href":"https:\/\/whitepagedz.com\/sarl-step\/wp-json\/wp\/v2\/media\/267"}],"wp:attachment":[{"href":"https:\/\/whitepagedz.com\/sarl-step\/wp-json\/wp\/v2\/media?parent=266"}],"wp:term":[{"taxonomy":"product_brand","embeddable":true,"href":"https:\/\/whitepagedz.com\/sarl-step\/wp-json\/wp\/v2\/product_brand?post=266"},{"taxonomy":"product_cat","embeddable":true,"href":"https:\/\/whitepagedz.com\/sarl-step\/wp-json\/wp\/v2\/product_cat?post=266"},{"taxonomy":"product_tag","embeddable":true,"href":"https:\/\/whitepagedz.com\/sarl-step\/wp-json\/wp\/v2\/product_tag?post=266"}],"curies":[{"name":"wp","href":"https:\/\/api.w.org\/{rel}","templated":true}]}}