{"id":206,"date":"2025-12-10T22:08:15","date_gmt":"2025-12-10T22:08:15","guid":{"rendered":"https:\/\/whitepagedz.com\/sarl-step\/?page_id=206"},"modified":"2026-02-16T19:33:04","modified_gmt":"2026-02-16T19:33:04","slug":"a-propos","status":"publish","type":"page","link":"https:\/\/whitepagedz.com\/sarl-step\/a-propos\/","title":{"rendered":"A propos"},"content":{"rendered":"\t\t<div data-elementor-type=\"wp-page\" data-elementor-id=\"206\" class=\"elementor elementor-206\" data-elementor-post-type=\"page\">\n\t\t\t\t<div data-particle_enable=\"false\" data-particle-mobile-disabled=\"false\" class=\"elementor-element elementor-element-d7f21d8 e-con-full e-flex e-con e-parent\" data-id=\"d7f21d8\" data-element_type=\"container\" data-e-type=\"container\" data-settings=\"{&quot;jet_parallax_layout_list&quot;:[]}\">\n\t\t\t\t<div class=\"elementor-element elementor-element-aacf962 elementor-widget elementor-widget-heading\" data-id=\"aacf962\" data-element_type=\"widget\" data-e-type=\"widget\" data-widget_type=\"heading.default\">\n\t\t\t\t\t<h2 class=\"elementor-heading-title elementor-size-default\">Qui sommes-nous?<\/h2>\t\t\t\t<\/div>\n\t\t<div data-particle_enable=\"false\" data-particle-mobile-disabled=\"false\" class=\"elementor-element elementor-element-6e29413 e-con-full e-flex e-con e-child\" data-id=\"6e29413\" data-element_type=\"container\" data-e-type=\"container\" data-settings=\"{&quot;jet_parallax_layout_list&quot;:[]}\">\n\t\t<div data-particle_enable=\"false\" data-particle-mobile-disabled=\"false\" class=\"elementor-element elementor-element-6c03856 e-con-full e-flex e-con e-child\" data-id=\"6c03856\" data-element_type=\"container\" data-e-type=\"container\" data-settings=\"{&quot;jet_parallax_layout_list&quot;:[]}\">\n\t\t\t\t<div class=\"elementor-element elementor-element-27d4647 txte elementor-widget elementor-widget-heading\" data-id=\"27d4647\" data-element_type=\"widget\" data-e-type=\"widget\" data-widget_type=\"heading.default\">\n\t\t\t\t\t<h2 class=\"elementor-heading-title elementor-size-default\">Cr\u00e9\u00e9e avec l\u2019ambition d\u2019offrir des solutions techniques fiables et innovantes, SARL Sources Techniques d\u2019Engineering P\u00e9trolier (STEP) est une entreprise sp\u00e9cialis\u00e9e dans la fourniture, l\u2019installation, la r\u00e9paration et la maintenance d\u2019\u00e9quipements industriels et techniques.\n\nSTEP accompagne les professionnels dans la r\u00e9alisation et l\u2019optimisation de leurs installations, en mettant \u00e0 leur disposition son savoir-faire, son expertise technique et son sens du service.<\/h2>\t\t\t\t<\/div>\n\t\t\t\t<\/div>\n\t\t<div data-particle_enable=\"false\" data-particle-mobile-disabled=\"false\" class=\"elementor-element elementor-element-32290bf e-con-full e-flex e-con e-child\" data-id=\"32290bf\" data-element_type=\"container\" data-e-type=\"container\" data-settings=\"{&quot;jet_parallax_layout_list&quot;:[],&quot;background_background&quot;:&quot;classic&quot;}\">\n\t\t\t\t<\/div>\n\t\t\t\t<\/div>\n\t\t\t\t<\/div>\n\t\t<div data-particle_enable=\"false\" data-particle-mobile-disabled=\"false\" class=\"elementor-element elementor-element-537a50a e-con-full e-flex e-con e-parent\" data-id=\"537a50a\" data-element_type=\"container\" data-e-type=\"container\" data-settings=\"{&quot;background_background&quot;:&quot;classic&quot;,&quot;jet_parallax_layout_list&quot;:[]}\">\n\t\t\t\t<div class=\"elementor-element elementor-element-f5f2135 elementor-widget elementor-widget-spacer\" data-id=\"f5f2135\" data-element_type=\"widget\" data-e-type=\"widget\" data-widget_type=\"spacer.default\">\n\t\t\t\t\t\t\t<div class=\"elementor-spacer\">\n\t\t\t<div class=\"elementor-spacer-inner\"><\/div>\n\t\t<\/div>\n\t\t\t\t\t\t<\/div>\n\t\t<div data-particle_enable=\"false\" data-particle-mobile-disabled=\"false\" class=\"elementor-element elementor-element-5e86162 e-flex e-con-boxed e-con e-child\" data-id=\"5e86162\" data-element_type=\"container\" data-e-type=\"container\" data-settings=\"{&quot;jet_parallax_layout_list&quot;:[]}\">\n\t\t\t\t\t<div class=\"e-con-inner\">\n\t\t<div data-particle_enable=\"false\" data-particle-mobile-disabled=\"false\" class=\"elementor-element elementor-element-9fc7d51 e-con-full e-flex e-con e-child\" data-id=\"9fc7d51\" data-element_type=\"container\" data-e-type=\"container\" data-settings=\"{&quot;jet_parallax_layout_list&quot;:[]}\">\n\t\t\t\t<\/div>\n\t\t<div data-particle_enable=\"false\" data-particle-mobile-disabled=\"false\" class=\"elementor-element elementor-element-07a56f9 e-con-full e-flex e-con e-child\" data-id=\"07a56f9\" data-element_type=\"container\" data-e-type=\"container\" data-settings=\"{&quot;jet_parallax_layout_list&quot;:[]}\">\n\t\t\t\t<div class=\"elementor-element elementor-element-09ca798 elementor-widget elementor-widget-heading\" data-id=\"09ca798\" data-element_type=\"widget\" data-e-type=\"widget\" data-widget_type=\"heading.default\">\n\t\t\t\t\t<h2 class=\"elementor-heading-title elementor-size-default\">Notre Domaine d\u2019Intervention<\/h2>\t\t\t\t<\/div>\n\t\t\t\t<div class=\"elementor-element elementor-element-d59e66c txte elementor-widget elementor-widget-text-editor\" data-id=\"d59e66c\" data-element_type=\"widget\" data-e-type=\"widget\" data-widget_type=\"text-editor.default\">\n\t\t\t\t\t\t\t\t\t<ul><li>Fourniture, installation et maintenance des \u00e9quipements hydrauliques et industriels<\/li><li data-start=\"1130\" data-end=\"1193\"><p data-start=\"1132\" data-end=\"1193\">Location d\u2019engins, d\u2019\u00e9quipements et de mat\u00e9riel technique<\/p><\/li><li data-start=\"1194\" data-end=\"1267\"><p data-start=\"1196\" data-end=\"1267\">Fourniture de pi\u00e8ces de rechange, \u00e9quipements et mat\u00e9riel technique<\/p><\/li><li data-start=\"1268\" data-end=\"1325\"><p data-start=\"1270\" data-end=\"1325\">Production de flexibles industriels et hydrauliques<\/p><\/li><li data-start=\"1326\" data-end=\"1432\"><p data-start=\"1328\" data-end=\"1432\">R\u00e9alisation d\u2019\u00e9quipements techniques personnalis\u00e9s, adapt\u00e9s aux besoins sp\u00e9cifiques de chaque client<\/p><\/li><\/ul>\t\t\t\t\t\t\t\t<\/div>\n\t\t\t\t<\/div>\n\t\t\t\t\t<\/div>\n\t\t\t\t<\/div>\n\t\t<div data-particle_enable=\"false\" data-particle-mobile-disabled=\"false\" class=\"elementor-element elementor-element-28ac39b e-flex e-con-boxed e-con e-child\" data-id=\"28ac39b\" data-element_type=\"container\" data-e-type=\"container\" data-settings=\"{&quot;jet_parallax_layout_list&quot;:[]}\">\n\t\t\t\t\t<div class=\"e-con-inner\">\n\t\t<div data-particle_enable=\"false\" data-particle-mobile-disabled=\"false\" class=\"elementor-element elementor-element-6b6eab6 e-con-full e-flex e-con e-child\" data-id=\"6b6eab6\" data-element_type=\"container\" data-e-type=\"container\" data-settings=\"{&quot;jet_parallax_layout_list&quot;:[]}\">\n\t\t\t\t<div class=\"elementor-element elementor-element-df325de elementor-widget elementor-widget-heading\" data-id=\"df325de\" data-element_type=\"widget\" data-e-type=\"widget\" data-widget_type=\"heading.default\">\n\t\t\t\t\t<h2 class=\"elementor-heading-title elementor-size-default\">Un Accompagnement Global de Vos Projets<\/h2>\t\t\t\t<\/div>\n\t\t\t\t<div class=\"elementor-element elementor-element-dc0de93 txte elementor-widget elementor-widget-text-editor\" data-id=\"dc0de93\" data-element_type=\"widget\" data-e-type=\"widget\" data-widget_type=\"text-editor.default\">\n\t\t\t\t\t\t\t\t\t<p data-start=\"1633\" data-end=\"1690\">Gr\u00e2ce \u00e0 son expertise, STEP accompagne ses clients dans :<\/p><ul data-start=\"1691\" data-end=\"1832\"><li data-start=\"1691\" data-end=\"1724\"><p data-start=\"1693\" data-end=\"1724\">Les projets de construction<\/p><\/li><li data-start=\"1725\" data-end=\"1750\"><p data-start=\"1727\" data-end=\"1750\">Les travaux publics<\/p><\/li><li data-start=\"1751\" data-end=\"1784\"><p data-start=\"1753\" data-end=\"1784\">L\u2019installation industrielle<\/p><\/li><li data-start=\"1785\" data-end=\"1832\"><p data-start=\"1787\" data-end=\"1832\">La mise en service de syst\u00e8mes techniques<\/p><\/li><\/ul><p data-start=\"1834\" data-end=\"1992\">Notre approche repose sur un accompagnement rigoureux, une compr\u00e9hension pr\u00e9cise des besoins et une intervention technique ma\u00eetris\u00e9e \u00e0 chaque \u00e9tape du projet.<\/p>\t\t\t\t\t\t\t\t<\/div>\n\t\t\t\t<\/div>\n\t\t<div data-particle_enable=\"false\" data-particle-mobile-disabled=\"false\" class=\"elementor-element elementor-element-c0bda18 e-con-full e-flex e-con e-child\" data-id=\"c0bda18\" data-element_type=\"container\" data-e-type=\"container\" data-settings=\"{&quot;jet_parallax_layout_list&quot;:[]}\">\n\t\t\t\t<\/div>\n\t\t\t\t\t<\/div>\n\t\t\t\t<\/div>\n\t\t\t\t<div class=\"elementor-element elementor-element-2a99d28 elementor-widget elementor-widget-spacer\" data-id=\"2a99d28\" data-element_type=\"widget\" data-e-type=\"widget\" data-widget_type=\"spacer.default\">\n\t\t\t\t\t\t\t<div class=\"elementor-spacer\">\n\t\t\t<div class=\"elementor-spacer-inner\"><\/div>\n\t\t<\/div>\n\t\t\t\t\t\t<\/div>\n\t\t\t\t<\/div>\n\t\t<div data-particle_enable=\"false\" data-particle-mobile-disabled=\"false\" class=\"elementor-element elementor-element-8b276e6 e-con-full e-flex e-con e-parent\" data-id=\"8b276e6\" data-element_type=\"container\" data-e-type=\"container\" data-settings=\"{&quot;jet_parallax_layout_list&quot;:[],&quot;background_background&quot;:&quot;classic&quot;}\">\n\t\t\t\t<div class=\"elementor-element elementor-element-6e35035 elementor-widget elementor-widget-heading\" data-id=\"6e35035\" data-element_type=\"widget\" data-e-type=\"widget\" data-widget_type=\"heading.default\">\n\t\t\t\t\t<h2 class=\"elementor-heading-title elementor-size-default\">Notre Mission<\/h2>\t\t\t\t<\/div>\n\t\t<div data-particle_enable=\"false\" data-particle-mobile-disabled=\"false\" class=\"elementor-element elementor-element-f3ba6da e-flex e-con-boxed e-con e-child\" data-id=\"f3ba6da\" data-element_type=\"container\" data-e-type=\"container\" data-settings=\"{&quot;jet_parallax_layout_list&quot;:[]}\">\n\t\t\t\t\t<div class=\"e-con-inner\">\n\t\t<div data-particle_enable=\"false\" data-particle-mobile-disabled=\"false\" class=\"elementor-element elementor-element-ba26373 e-con-full e-flex e-con e-child\" data-id=\"ba26373\" data-element_type=\"container\" data-e-type=\"container\" data-settings=\"{&quot;jet_parallax_layout_list&quot;:[]}\">\n\t\t\t\t<div class=\"elementor-element elementor-element-51e2240 txte elementor-widget elementor-widget-text-editor\" data-id=\"51e2240\" data-element_type=\"widget\" data-e-type=\"widget\" data-widget_type=\"text-editor.default\">\n\t\t\t\t\t\t\t\t\t<p data-start=\"2020\" data-end=\"2245\">La mission de STEP est claire :<br data-start=\"2051\" data-end=\"2054\" \/><strong data-start=\"2054\" data-end=\"2245\">Offrir \u00e0 nos partenaires et clients un service fiable, professionnel et conforme aux standards internationaux, tout en garantissant la performance et la durabilit\u00e9 de leurs installations.<\/strong><\/p><p data-start=\"2247\" data-end=\"2356\">Cette mission guide l\u2019ensemble de nos actions, de la pr\u00e9paration des projets \u00e0 leur ex\u00e9cution sur le terrain.<\/p>\t\t\t\t\t\t\t\t<\/div>\n\t\t\t\t<\/div>\n\t\t<div data-particle_enable=\"false\" data-particle-mobile-disabled=\"false\" class=\"elementor-element elementor-element-f29bc65 e-con-full e-flex e-con e-child\" data-id=\"f29bc65\" data-element_type=\"container\" data-e-type=\"container\" data-settings=\"{&quot;jet_parallax_layout_list&quot;:[],&quot;background_background&quot;:&quot;classic&quot;}\">\n\t\t\t\t<\/div>\n\t\t\t\t\t<\/div>\n\t\t\t\t<\/div>\n\t\t\t\t<\/div>\n\t\t\t\t<\/div>\n\t\t","protected":false},"excerpt":{"rendered":"<p>Qui sommes-nous? Cr\u00e9\u00e9e avec l\u2019ambition d\u2019offrir des solutions techniques fiables et innovantes, SARL Sources Techniques d\u2019Engineering P\u00e9trolier (STEP) est une entreprise sp\u00e9cialis\u00e9e dans la fourniture, l\u2019installation, la r\u00e9paration et la maintenance d\u2019\u00e9quipements industriels et techniques. STEP accompagne les professionnels dans la r\u00e9alisation et l\u2019optimisation de leurs installations, en mettant \u00e0 leur disposition son savoir-faire, son [&hellip;]<\/p>\n","protected":false},"author":1,"featured_media":0,"parent":0,"menu_order":0,"comment_status":"closed","ping_status":"closed","template":"elementor_header_footer","meta":{"footnotes":""},"class_list":["post-206","page","type-page","status-publish","hentry"],"jetpack_sharing_enabled":true,"_links":{"self":[{"href":"https:\/\/whitepagedz.com\/sarl-step\/wp-json\/wp\/v2\/pages\/206","targetHints":{"allow":["GET"]}}],"collection":[{"href":"https:\/\/whitepagedz.com\/sarl-step\/wp-json\/wp\/v2\/pages"}],"about":[{"href":"https:\/\/whitepagedz.com\/sarl-step\/wp-json\/wp\/v2\/types\/page"}],"author":[{"embeddable":true,"href":"https:\/\/whitepagedz.com\/sarl-step\/wp-json\/wp\/v2\/users\/1"}],"replies":[{"embeddable":true,"href":"https:\/\/whitepagedz.com\/sarl-step\/wp-json\/wp\/v2\/comments?post=206"}],"version-history":[{"count":94,"href":"https:\/\/whitepagedz.com\/sarl-step\/wp-json\/wp\/v2\/pages\/206\/revisions"}],"predecessor-version":[{"id":845,"href":"https:\/\/whitepagedz.com\/sarl-step\/wp-json\/wp\/v2\/pages\/206\/revisions\/845"}],"wp:attachment":[{"href":"https:\/\/whitepagedz.com\/sarl-step\/wp-json\/wp\/v2\/media?parent=206"}],"curies":[{"name":"wp","href":"https:\/\/api.w.org\/{rel}","templated":true}]}}